{"id":17739,"date":"2018-11-23T10:34:21","date_gmt":"2018-11-23T09:34:21","guid":{"rendered":"http:\/\/www.multiformjewellery.com\/\/?page_id=17739"},"modified":"2019-01-14T17:12:15","modified_gmt":"2019-01-14T16:12:15","slug":"about-us","status":"publish","type":"page","link":"https:\/\/www.multiformjewellery.com\/about-us\/","title":{"rendered":"About us"},"content":{"rendered":"[vc_row gap=&#8221;35&#8243; equal_height=&#8221;yes&#8221; css=&#8221;.vc_custom_1542968483353{margin-top: -18px !important;background-position: center !important;background-repeat: no-repeat !important;background-size: cover !important;}&#8221;][vc_column css=&#8221;.vc_custom_1542965687990{padding-top: 0px !important;padding-right: 0px !important;padding-bottom: 0px !important;padding-left: 0px !important;background-position: center !important;background-repeat: no-repeat !important;background-size: cover !important;}&#8221; el_class=&#8221;box-rings&#8221;][vc_gallery type=&#8221;flexslider_slide&#8221; interval=&#8221;3&#8243; images=&#8221;17916,17917,18175&#8243; img_size=&#8221;1110&#215;280&#8243; onclick=&#8221;&#8221;][\/vc_column][\/vc_row][vc_row gap=&#8221;35&#8243; equal_height=&#8221;yes&#8221; content_placement=&#8221;top&#8221; enable_parallax=&#8221;&#8221; parallax_speed=&#8221;0.5&#8243; css=&#8221;.vc_custom_1542965909596{padding-top: 0px !important;padding-right: 0px !important;padding-bottom: 0px !important;padding-left: 0px !important;}&#8221;][vc_column width=&#8221;1\/3&#8243; css=&#8221;.vc_custom_1542873863579{margin-top: 0px !important;margin-right: 0px !important;margin-bottom: 0px !important;margin-left: 0px !important;padding-top: 0px !important;padding-right: 0px !important;padding-bottom: 0px !important;padding-left: 0px !important;}&#8221;][vc_empty_space height=&#8221;40px&#8221;][vc_custom_heading text=&#8221;ABOUT US&#8221; font_container=&#8221;tag:h1|font_size:25px|text_align:left|color:%23b9a372|line_height:32px&#8221; google_fonts=&#8221;font_family:Playfair%20Display%3Aregular%2Citalic%2C700%2C700italic%2C900%2C900italic|font_style:400%20regular%3A400%3Anormal&#8221;][vc_empty_space height=&#8221;25px&#8221;][vc_custom_heading text=&#8221;OUR STORY&#8221; font_container=&#8221;tag:h2|font_size:50px|text_align:left|color:%23b9a372|line_height:60px&#8221; google_fonts=&#8221;font_family:Playfair%20Display%3Aregular%2Citalic%2C700%2C700italic%2C900%2C900italic|font_style:400%20regular%3A400%3Anormal&#8221;][\/vc_column][vc_column width=&#8221;1\/3&#8243; el_class=&#8221;text&#8221;][vc_column_text]\n<p class=\"Standard\">Nata oltre cinquant\u2019anni fa dalla passione per le creazioni orafe del suo fondatore Giovanni Rossi, Multiform \u00e8 riuscita nel corso della sua storia a coniugare la tradizione artigianale e la manualit\u00e0 con le pi\u00f9 moderne tecnologie, creando un mix di capolavori preziosi: catene, bracciali e anelli dall\u2019aspetto unico, che lasciano emergere il carattere deciso e forte\u00a0di chi li indossa.<\/p>\n[\/vc_column_text][\/vc_column][vc_column width=&#8221;1\/3&#8243;][vc_column_text]\n<p class=\"Standard\">Multiform, leader nel settore dell\u2019oreficeria da due generazioni, si contraddistingue nel mercato grazie al suo spirito innovativo, all\u2019artigianalit\u00e0 delle sue realizzazioni ed alla capacit\u00e0 di innovazione, <span style=\"color: black;\">grazie anche all\u2019adozione di tecnologie e tecniche di avanguardia nella creazione di gioielli esclusivi.<br \/>\n<\/span><\/p>\n[\/vc_column_text][\/vc_column][\/vc_row][vc_row content_placement=&#8221;middle&#8221; css=&#8221;.vc_custom_1542966205878{margin-top: 50px !important;margin-bottom: 50px !important;}&#8221; el_class=&#8221;fixed&#8221;][vc_column css=&#8221;.vc_custom_1547481770571{background-image: url(http:\/\/www.multiformjewellery.com\/\/wp-content\/uploads\/2019\/01\/world-11-1.jpg?id=18170) !important;background-position: center !important;background-repeat: no-repeat !important;background-size: contain !important;}&#8221; el_class=&#8221;fixed&#8221;][vc_empty_space height=&#8221;382px&#8221;][vc_single_image image=&#8221;17476&#8243; img_size=&#8221;100&#215;100&#8243; alignment=&#8221;center&#8221;][vc_empty_space height=&#8221;152px&#8221;][vc_custom_heading text=&#8221;OUR WORLD IS GREAT&#8221; font_container=&#8221;tag:h1|font_size:25px|text_align:center|color:%23b9a372|line_height:32px&#8221; google_fonts=&#8221;font_family:Playfair%20Display%3Aregular%2Citalic%2C700%2C700italic%2C900%2C900italic|font_style:400%20regular%3A400%3Anormal&#8221;][vc_empty_space height=&#8221;62px&#8221;][vc_column_text]\n<p class=\"Standard\" style=\"text-align: center;\">Una storia fatta di passione e dinamicit\u00e0 nella ricerca\u00a0ed anticipazione dei trend del mercato,<br \/>\ndove ogni dettaglio \u00e8 fondamentale ed ogni gioiello\u00a0\u00e8 un prezioso elemento di maestria ed innovazione tecnica.<\/p>\n[\/vc_column_text][vc_empty_space height=&#8221;202px&#8221;][\/vc_column][\/vc_row][vc_row][vc_column][vc_custom_heading text=&#8221;WHO WE ARE&#8221; font_container=&#8221;tag:h4|font_size:22|text_align:left|color:%23b9a372|line_height:32px&#8221; google_fonts=&#8221;font_family:Playfair%20Display%3Aregular%2Citalic%2C700%2C700italic%2C900%2C900italic|font_style:400%20regular%3A400%3Anormal&#8221; link=&#8221;url:%23|||&#8221;][vc_row_inner gap=&#8221;35&#8243; css=&#8221;.vc_custom_1542967731155{margin-top: 80px !important;}&#8221;][vc_column_inner css=&#8221;.vc_custom_1542967703177{margin-top: 0px !important;margin-right: 0px !important;margin-bottom: 0px !important;margin-left: 0px !important;border-top-width: 1px !important;border-right-width: 1px !important;border-bottom-width: 1px !important;border-left-width: 1px !important;padding-top: 0px !important;padding-right: 0px !important;padding-bottom: 0px !important;padding-left: 0px !important;border-left-color: #d6d6d6 !important;border-left-style: solid !important;border-right-color: #d6d6d6 !important;border-right-style: solid !important;border-top-color: #d6d6d6 !important;border-top-style: solid !important;border-bottom-color: #d6d6d6 !important;border-bottom-style: solid !important;}&#8221;][vc_single_image image=&#8221;17891&#8243; img_size=&#8221;full&#8221; css=&#8221;.vc_custom_1544607130844{margin-top: 0px !important;margin-right: 0px !important;margin-bottom: 0px !important;margin-left: 0px !important;padding-top: 0px !important;padding-right: 0px !important;padding-bottom: 0px !important;padding-left: 0px !important;}&#8221;][vc_custom_heading text=&#8221;GIOVANNI ROSSI | LORENZO FARSETTI | ROBERTO ROSSI&#8221; font_container=&#8221;tag:h4|font_size:18|text_align:center|color:%230c0c0c|line_height:32px&#8221; google_fonts=&#8221;font_family:Playfair%20Display%3Aregular%2Citalic%2C700%2C700italic%2C900%2C900italic|font_style:400%20regular%3A400%3Anormal&#8221; link=&#8221;url:%23|||&#8221; css=&#8221;.vc_custom_1544607060937{padding-top: 20px !important;padding-right: 20px !important;padding-bottom: 10px !important;padding-left: 20px !important;}&#8221;][vc_column_text css=&#8221;.vc_custom_1547451759360{padding-top: 20px !important;padding-right: 20px !important;padding-bottom: 20px !important;padding-left: 20px !important;}&#8221;]L\u2019attivit\u00e0 di Multiform ha le sue fondamenta su tre personalit\u00e0, ognuna delle quali regala all\u2019azienda esperienza, vision e passione.<\/p>\n<p><strong>Giovanni Rossi<\/strong>, fondatore, che con grande spirito imprenditoriale oltre cinquant\u2019anni fa, ha dato vita all\u2019azienda, mosso dall\u2019amore per l\u2019arte orafa. Da allora le dedica anima e corpo ed ancora oggi ne costituisce il cuore, forte della sua grande esperienza.<\/p>\n<p><strong>Lorenzo Farsetti<\/strong> con le sue mani ha creato centinaia di gioielli: \u00e8 l\u2019artista dietro le creazioni che hanno fatto la storia dell\u2019azienda, la sua passione e la sua esperienza sono linfa e continua ispirazione.<\/p>\n<p><strong>Roberto Rossi<\/strong>, figlio del fondatore, ha portato nell\u2019azienda uno spirito innovativo, di chi cresce nella tradizione, ne trae ispirazione e guarda al futuro con interesse, curiosit\u00e0 per le ultime tendenze e voglia di innovare.<\/p>\n<p>Esperienza, artigianalit\u00e0 e innovazione sono i valori grazie ai quali Multiform continua ad avere successo in un mercato sempre in evoluzione.[\/vc_column_text][\/vc_column_inner][\/vc_row_inner][\/vc_column][\/vc_row]\n","protected":false},"excerpt":{"rendered":"<p>[vc_row gap=&#8221;35&#8243; equal_height=&#8221;yes&#8221; css=&#8221;.vc_custom_1542968483353{margin-top: -18px !important;background-position: center !important;background-repeat: no-repeat !important;background-size: cover !important;}&#8221;][vc_column css=&#8221;.vc_custom_1542965687990{padding-top: 0px !important;padding-right: 0px !important;padding-bottom: 0px !important;padding-left: 0px !important;background-position: center !important;background-repeat: no-repeat !important;background-size: cover !important;}&#8221; el_class=&#8221;box-rings&#8221;][vc_gallery type=&#8221;flexslider_slide&#8221; interval=&#8221;3&#8243; images=&#8221;17916,17917,18175&#8243; img_size=&#8221;1110&#215;280&#8243; onclick=&#8221;&#8221;][\/vc_column][\/vc_row][vc_row gap=&#8221;35&#8243; equal_height=&#8221;yes&#8221; content_placement=&#8221;top&#8221; enable_parallax=&#8221;&#8221; parallax_speed=&#8221;0.5&#8243; css=&#8221;.vc_custom_1542965909596{padding-top: 0px !important;padding-right: 0px !important;padding-bottom: 0px !important;padding-left: 0px !important;}&#8221;][vc_column width=&#8221;1\/3&#8243; css=&#8221;.vc_custom_1542873863579{margin-top: 0px !important;margin-right: 0px !important;margin-bottom: 0px !important;margin-left: [&hellip;]<\/p>\n","protected":false},"author":1,"featured_media":0,"parent":0,"menu_order":0,"comment_status":"closed","ping_status":"closed","template":"template-home.php","meta":[],"_links":{"self":[{"href":"https:\/\/www.multiformjewellery.com\/en\/wp-json\/wp\/v2\/pages\/17739"}],"collection":[{"href":"https:\/\/www.multiformjewellery.com\/en\/wp-json\/wp\/v2\/pages"}],"about":[{"href":"https:\/\/www.multiformjewellery.com\/en\/wp-json\/wp\/v2\/types\/page"}],"author":[{"embeddable":true,"href":"https:\/\/www.multiformjewellery.com\/en\/wp-json\/wp\/v2\/users\/1"}],"replies":[{"embeddable":true,"href":"https:\/\/www.multiformjewellery.com\/en\/wp-json\/wp\/v2\/comments?post=17739"}],"version-history":[{"count":80,"href":"https:\/\/www.multiformjewellery.com\/en\/wp-json\/wp\/v2\/pages\/17739\/revisions"}],"predecessor-version":[{"id":19396,"href":"https:\/\/www.multiformjewellery.com\/en\/wp-json\/wp\/v2\/pages\/17739\/revisions\/19396"}],"wp:attachment":[{"href":"https:\/\/www.multiformjewellery.com\/en\/wp-json\/wp\/v2\/media?parent=17739"}],"curies":[{"name":"wp","href":"https:\/\/api.w.org\/{rel}","templated":true}]}}